{"id":328,"date":"2018-08-09T15:56:00","date_gmt":"2018-08-09T13:56:00","guid":{"rendered":"http:\/\/annwilson.se\/fitnessacademy\/?page_id=328"},"modified":"2025-12-17T12:36:12","modified_gmt":"2025-12-17T11:36:12","slug":"information","status":"publish","type":"page","link":"https:\/\/annwilson.se\/fitnessacademy\/information\/","title":{"rendered":"Information"},"content":{"rendered":"<p>Blandad information om Dance and Fitness Academy:<\/p>\n<p><strong>Kursstart:<\/strong><\/p>\n<p>Vinter 2025<\/p>\n<ul>\n<li>Kursstart 42 &amp; 43 f\u00f6r v\u00e5ra vinterkurser, kursschemat hittar du h\u00e4r fr\u00e5n den 25 september.<\/li>\n<\/ul>\n<p><strong>Info anm\u00e4lan, f\u00f6r samtliga kurser:<\/strong><\/p>\n<p>Anm\u00e4l genom att g\u00e5 in p\u00e5 fliken &#8221;kursschema&#8221;, klicka sedan p\u00e5 vald kurs och f\u00f6lj l\u00e4nken. \u00a0Ni kommer d\u00e5 f\u00e5 en bekr\u00e4ftelse via mail med information kring betalning. Elevens kursplats \u00e4r garanterad f\u00f6rst n\u00e4r betalningen \u00e4r genomf\u00f6rd. Vid avbokning av kursplats, m\u00e5ste detta ske genom mail till info@annwilson.se eller direkt i er bokning. Kursplats som inte avbokats vid f\u00f6rsta kurstillf\u00e4llet blir debiterad.<\/p>\n<p><strong>F\u00f6rs\u00e4kring<\/strong><\/p>\n<p>Varje elev m\u00e5ste innan p\u00e5b\u00f6rjad kurs ha en egen olycksfallsf\u00f6rs\u00e4kring.<\/p>\n<p><strong>V\u00e5r \u00e5terbetalningspolicy:<\/strong><\/p>\n<p>Kan inte kurs genomf\u00f6ras p\u00e5 grund av sjukdom eller skada kan denna \u00e5terbetalas om l\u00e4karintyg visas.<\/p>\n<p><strong>Den nya gdpr-lagen:<\/strong><\/p>\n<p>https:\/\/www.datainspektionen.se\/lagar&#8211;regler\/dataskyddsforordningen\/<\/p>\n<p><strong>Presentkort:<\/strong><\/p>\n<p>Presentkort g\u00e4ller 1 \u00e5r efter K\u00d6PT datum.<\/p>\n<p>Presentkort k\u00f6pt under ett special erbjudande , g\u00e4ller s\u00e5 l\u00e4nge erbjudandet \u00e4r g\u00e4llande, annars motsvarande summa p\u00e5 ink\u00f6pt presentkort max\u00a01 \u00e5r efter ink\u00f6pt datum.<\/p>\n<p>&nbsp;<\/p>\n<p><strong>Br\u00f6llopspaket<\/strong><\/p>\n<p>Vi hj\u00e4lper er med en f\u00f6rtrollande och elegant br\u00f6llopsvals inf\u00f6r er stora dag! I br\u00f6llopspaket 1 ing\u00e5r tre tr\u00e4ningstillf\u00e4llen d\u00e4r vi under det f\u00f6rsta tillf\u00e4llet p\u00e5 1 timme \u00e4ven g\u00e5r igenom detaljer s\u00e5 som kl\u00e4dsel och musik. Resterande tv\u00e5 lektioner \u00e4r p\u00e5 45 minuter vardera och d\u00e5 \u00f6var vi p\u00e5 koreografin. Pris paket 1: 2650 kr.<\/p>\n<p>Br\u00f6llopspaket 2 inneh\u00e5ller ist\u00e4llet 6 lektioner p\u00e5 45 minuter vardera. Pris paket 2: 4500 kr.<\/p>\n<p>Privatlektioner fr\u00e5n 850kr f\u00f6r 45 min.<\/p>\n<p>&nbsp;<\/p>\n<p><strong>Barnkalas <\/strong><\/p>\n<p>Fira f\u00f6delsedagar med dans hos oss! I barnkalaset ing\u00e5r det 1 timme och 30 minuter med dansundervisning och danslek med en av v\u00e5ra dansl\u00e4rare samt saft och fika.\u00a0 Minst en f\u00f6r\u00e4lder beh\u00f6ver vara n\u00e4rvarande under kalaset. \u00d6vriga \u00f6nskem\u00e5l kan diskuteras i bokning. Bokning sker via mejl<\/p>\n<p>\u00c5ldrar: 4-12 \u00e5r<\/p>\n<p>Grund pris: 200 kr\/ barn<\/p>\n<p>&nbsp;<\/p>\n<p><strong>Privat lektioner<\/strong><\/p>\n<p>Privat lektioner \u00a0\u00e4r en m\u00f6jlighet att f\u00e5 personlig undervisning eller tr\u00e4ning med n\u00e5gon av dansskolans fantastiska l\u00e4rare! Vi erbjuder lektioner i tr\u00e4ning och dans och skr\u00e4ddarsyr lektionen efter dig och dina \u00f6nskem\u00e5l i vad det g\u00e4ller stil exempelvis, bugg, salsa, hip hop, foxtrot, balett, jazz, s\u00e5nglektioner\/r\u00f6sttr\u00e4ning, latin fitness med mera&#8230; 1-4 personer per g\u00e5ng och det g\u00e5r att v\u00e4lja mellan 45, 60 eller 90 minuter. Kostnaden 45 minuter \u00e4r fr\u00e5n 750 kr och 60 minuter fr\u00e5n 1000 kr.<\/p>\n<p>Bokning av privat lektioner sker via mail p\u00e5 info@annwilson.se eller ring oss p\u00e5 telefonnummer 042-131417, eller under receptionens \u00f6ppettider.<\/p>\n<p>&nbsp;<\/p>\n<p><strong>Vad \u00e4r Dans Kids?<\/strong><\/p>\n<p>Dans Kids \u00e4r en danskurs f\u00f6r v\u00e5ra allra minsta d\u00e4r vi l\u00e4r oss rytmik och enkla danser. H\u00e4r \u00f6var vi mycket p\u00e5 koordination och repetition f\u00f6r att st\u00e4rka danssinnena i kroppen och kunna associera viss musik till vissa danser. Vi blandar \u00e4ven in roliga danslekar f\u00f6r att s\u00e4tta guldkant p\u00e5 danslektionen.<\/p>\n<p>&nbsp;<\/p>\n<p><strong>Vad \u00e4r Dans Kids Balett?<\/strong><\/p>\n<p>Dans Kids Balett \u00e4r en introduktion till klassisk balett d\u00e4r man l\u00e4r sig balett-teknikens grunder genom dans och lek. H\u00e4r tr\u00e4nar vi \u00a0balett teknik och balett terminologi, och l\u00e4r oss balett koreografier till b\u00e5de klassisk musik och pop musik. \u00a0Vi dansar utan balett st\u00e5ng.<\/p>\n<p><b>Dans Kids Balett Forts\u00e4ttning<\/b>\u00a0 \u00e4r en forts\u00e4ttningskurs f\u00f6r dig som dansat minst en termin Dans Kids Balett, eller dansat balett tidigare och redan kan grunderna.<\/p>\n<p>&nbsp;<\/p>\n<p><strong>Vad \u00e4r Hiphop Mini?<\/strong><\/p>\n<p>Hiphop Mini \u00e4r v\u00e5r yngsta hiphop grupp f\u00f6r barn mellan 5-6 \u00e5r. H\u00e4r l\u00e4r du dig hiphopens grundstegen och rytmen\/k\u00e4nslan f\u00f6r hiphop och coola hiphop koreografier. Den h\u00e4r kursen passar dig som beh\u00f6ver mer utmaning och \u00e4r en perfekt introduktion till hiphop!<\/p>\n<p>&nbsp;<\/p>\n<p><strong>Vad \u00e4r TikTok?<\/strong><\/p>\n<p>Detta \u00e4r en klass d\u00e4r vi l\u00e4r oss korta koreografier som \u00e4r upp till 1 minut l\u00e5nga och som \u00e4r inspirerade av TikTok danser och virala l\u00e5tar.<\/p>\n<p>&nbsp;<\/p>\n<p><strong>Vad \u00e4r Hip Hop fusion?<\/strong><\/p>\n<p>Hip Hop fusion \u00e4r en dansklass d\u00e4r vi kommer l\u00e4ra oss att dansa olika typer av stilar inom dansstilen Hip Hop. Vi kommer b\u00f6rja med att l\u00e4ra oss grunderna f\u00f6r att sedan bygga p\u00e5 och utveckla v\u00e5ra f\u00e4rdigheter med terminens g\u00e5ng och l\u00e4ra k\u00e4nna olika typer av rytmer inom hip hopen.<\/p>\n<p>&nbsp;<\/p>\n<p><strong>Vad \u00e4r Pop Artist?<\/strong><\/p>\n<p>Vill du k\u00e4nna p\u00e5 hur det \u00e4r att vara en riktig Pop Artist? Kom hit och testa med oss! P\u00e5 v\u00e5ra Pop Artist-lektioner sl\u00e5r vi ihop s\u00e5ng och dans och utforskar v\u00e5rt eget scenspr\u00e5k. Vi l\u00e4r oss scenn\u00e4rvaro, s\u00e5ngteknik, dansteknik och s\u00e4tter tillsammans ihop h\u00e4ftiga s\u00e5ng- och dansnummer.<\/p>\n<p>&nbsp;<\/p>\n<p><strong>Vad \u00e4r Showartist?<\/strong><\/p>\n<p>Showartist passar perfekt f\u00f6r dig som vill kombinera s\u00e5ng och dans. H\u00e4r dansar du showjazz och musikaldans, l\u00e4r dig dan och s\u00e5ngteknik och s\u00e4tter ihop h\u00e4ftiga shownummer! P\u00e5 den h\u00e4r kursen l\u00e4gger vi stort fokus p\u00e5 scenn\u00e4rvaro, utstr\u00e5lning och kreativt\/konstn\u00e4rligt uttryck.<\/p>\n<p>&nbsp;<\/p>\n<p><strong>Vad \u00e4r Commercial Teens?<\/strong><\/p>\n<p>Commercial Teens \u00e4r en energifylld och inspirerande danskurs f\u00f6r ton\u00e5ringar. Commercial dans h\u00e4mtar influenser fr\u00e5n hiphop, jazz, streetdance och pop, och dansas till kommersiell musik och popl\u00e5tar. H\u00e4r utvecklar du din dansteknik, dansuttryck och attityd genom kaxiga och roliga koreografier. En perfekt kurs f\u00f6r dig som vill dansa med energi, sj\u00e4lvf\u00f6rtroende och gl\u00e4dje!<\/p>\n<p>&nbsp;<\/p>\n<p><strong>Vad \u00e4r Nyb\u00f6rjare Medalj\/Lets Dance?<\/strong><\/p>\n<p>Vi l\u00e4r oss grunderna i de olika pardanserna som man kan se i programmet Lets Dance, exempelvis cha cha. Kursen \u00e4r anpassad efter deltagarnas \u00e5lder och har grund i danspedagogik f\u00f6r b\u00e4sta m\u00f6jliga inl\u00e4rning.<\/p>\n<p>&nbsp;<\/p>\n<p><strong>Vad \u00e4r Solo Latin?<\/strong><\/p>\n<p>Du tr\u00e4nar och l\u00e4r dig grunder i Latin dans som med tid kan leda till att ta medalj eller t\u00e4vla.<\/p>\n<p>En h\u00e4rlig intro till Latin dansens v\u00e4rld d\u00e4r vi l\u00e4r oss koordination, musikalitet och tr\u00e4nar i en mindre grupp.<\/p>\n<p>&nbsp;<\/p>\n<p><strong>Vad \u00e4r Solo Latin Ladies 16+?<\/strong><\/p>\n<p>Detta passar dig som \u00e4r 16 \u00e5r och upp\u00e5t, allts\u00e5 \u00e4ven f\u00f6r dig som \u00e4r lite \u00e4ldre. Vi kommer g\u00e5 in p\u00e5 lite detaljer inom Latin dans och du skall g\u00e4rna ha ett par dansskor. Vi kommer g\u00f6ra \u00f6vningar i danser som chacha, Rumba, Jive och Samba.<\/p>\n<p>&nbsp;<\/p>\n<p><strong>Vad \u00e4r Latin Fitness &amp; Latin Fitness Dance?<\/strong><\/p>\n<p>Vill du f\u00e5 ett ordentligt tr\u00e4ningspass? \u00c4lskar du att dansa? D\u00e5 \u00e4r Latin Fitness eller Latin Fitness Dance definitivt n\u00e5got f\u00f6r dig!<\/p>\n<p>Vi h\u00e5ller i fitnesspass uppbyggda enbart p\u00e5 dans. I kursen Latin Fitness dansar vi de latinamerikanska danserna Rumba, Samba, Cha-cha och Jive. Ingen tidigare danserfarenhet kr\u00e4vs. Vi bygger p\u00e5 stegen varje vecka och man g\u00f6r allt i sin egen takt n\u00e4r det kommer till teknik och armr\u00f6relser. Tr\u00e4ningsv\u00e4rk garanteras!<\/p>\n<p>Latin Fitness Dance bygger p\u00e5 samma id\u00e9 fast \u00e4r f\u00f6r den som dansat lite mer och vill ha en st\u00f6rre utmaning rent koreografim\u00e4ssigt. Vi dansar alla m\u00f6jliga latinamerikanska danser s\u00e5 som cha cha, samba och rumba men \u00e4ven bachata, swing och paso doble. Vi l\u00e4gger krutet p\u00e5 tv\u00e5 olika danser varje pass s\u00e5 att vi verkligen g\u00e5r in i dansernas karakt\u00e4rer p\u00e5 djupet. \u00c4ven h\u00e4r \u00e4r tr\u00e4ningsv\u00e4rk garanterat!<\/p>\n<p>&nbsp;<\/p>\n<p><strong>Vad \u00e4r Latin Fitness\u00a0<\/strong><b>Nyb\u00f6rjare?<\/b><\/p>\n<p>F\u00f6r dig som inte har tidigare danserfarenhet, lite enklare stegkombinationer, dans och tr\u00e4ning till h\u00e4rliga latinamerikanska rytmer.<\/p>\n<p>Vi h\u00e5ller i fitnesspass uppbyggda enbart p\u00e5 dans. I kursen Latin Fitness dansar vi de latinamerikanska danserna Rumba, Samba, Cha-cha och Jive. Ingen tidigare danserfarenhet kr\u00e4vs. Vi bygger p\u00e5 stegen varje vecka och man g\u00f6r allt i sin egen takt n\u00e4r det kommer till teknik och armr\u00f6relser. Tr\u00e4ningsv\u00e4rk garanteras!<\/p>\n<p>&nbsp;<\/p>\n<p><strong>Vad \u00e4r Latin Fitness Dance Nyb\u00f6rjare?<\/strong><\/p>\n<p>F\u00f6r dig som inte har tidigare danserfarenhet, lite enklare stegkombinationer, dans och tr\u00e4ning till h\u00e4rliga latinamerikanska rytmer.<\/p>\n<p>Latin Fitness Dance bygger p\u00e5 samma id\u00e9 fast \u00e4r f\u00f6r den som dansat lite mer och vill ha en st\u00f6rre utmaning rent koreografim\u00e4ssigt. Vi dansar alla m\u00f6jliga latinamerikanska danser s\u00e5 som cha cha, samba och rumba men \u00e4ven bachata, swing och paso doble. Vi l\u00e4gger krutet p\u00e5 tv\u00e5 olika danser varje pass s\u00e5 att vi verkligen g\u00e5r in i dansernas karakt\u00e4rer p\u00e5 djupet. \u00c4ven h\u00e4r \u00e4r tr\u00e4ningsv\u00e4rk garanterat!<\/p>\n<p>&nbsp;<\/p>\n<p><strong>Vad \u00e4r Latin Mix Nyb\u00f6rjare, Forts\u00e4ttning och Forts\u00e4ttning+?<\/strong><\/p>\n<p>Vi l\u00e4r oss grunder i Salsa och v\u00e5ra Latin Amerikanska danser, man l\u00e4r sig att f\u00f6ra och f\u00f6lja och det \u00e4r en garanterad feelgood klass i pardans som passar fr\u00e5n 20 \u00e5r och upp\u00e5t.<\/p>\n<p>&nbsp;<\/p>\n<p><strong>Latin mix nyb\u00f6rjare: <\/strong>Vi\u00a0l\u00e4r oss grunderna i Salsa, Bachata och chacha. Vi l\u00e4r oss \u00e4ven att f\u00f6ra och f\u00f6lja och att hitta musiken i de olika danserna.\u00a0Ett avslappnat och h\u00e4rligt dans pass f\u00f6r nyb\u00f6rjare som \u00e4lskar Latin musik.<\/p>\n<p>&nbsp;<\/p>\n<p><strong>Latin mix forts\u00e4ttning:<\/strong> Till skillnad fr\u00e5n nyb\u00f6rjarkursen l\u00e4r vi\u00a0f\u00f6rdjupa oss lite mer i koreografi och utveckla v\u00e5ra f\u00f6ra och f\u00f6lja teknik.\u00a0Vi forts\u00e4tter med v\u00e5r Chacha, Bachata och Salsa.<\/p>\n<p>&nbsp;<\/p>\n<p><strong>Latin mix forts\u00e4ttning+:<\/strong> H\u00e4r kr\u00e4vs lite f\u00f6rkunskaper av Latin danser och att man tagit del av hur man f\u00f6r och f\u00f6ljer.\u00a0H\u00e4r l\u00e4r vi oss lite nya danser, lite det man sett i Lets Dance.\u00a0Rumba, Chacha , Jive och det blir lite mer fokus p\u00e5 dansteknik.<\/p>\n<p>&nbsp;<\/p>\n<p><strong>Vad \u00e4r Bugg nyb\u00f6rjare, forts\u00e4ttning?<\/strong><\/p>\n<p>Vi har ett fantastisk system med 4 veckors kurser f\u00f6r dig som vill l\u00e4ra grunder inom Bugg och kanske g\u00e5 vidare med detta.\u00a0Man kan g\u00e5 1 ,2 eller 3 nyb\u00f6rjar kurser f\u00f6r att hitta stegen i v\u00e5r mest folkk\u00e4ra dans Bugg.<\/p>\n<p>&nbsp;<\/p>\n<p><strong>Vad \u00e4r Flex &amp; Flow?<\/strong><\/p>\n<p>Detta \u00e4r en kortare klass som f\u00f6rdelaktigt kan kombineras med Latin Fitness eller Jazz\/Balett. En lektion som passar lika bra som uppv\u00e4rmning likv\u00e4l som nedvarvning. P\u00e5 en yogamatta anv\u00e4nder vi dynamisk stretch och r\u00f6relse f\u00f6r att mjuka upp v\u00e5r danskropp samtidigt som vi st\u00e4rker v\u00e5r core och balans.<\/p>\n<p>&nbsp;<\/p>\n<p><strong>Vad \u00e4r Danskv\u00e4llar?<\/strong><\/p>\n<p>Danskv\u00e4llar \u00e4r ett urval av olika danser som vi premierar under kv\u00e4llen. Vi har danskv\u00e4llar med allt fr\u00e5n Bugg vissa kv\u00e4llar till Latin eller bara Salsa.<\/p>\n<p>Vi bjuder p\u00e5 ett glas bubbel och snacks undervisar \u00a050 min till 1 timma fr\u00e5n grunden och sedan dansar vi till h\u00e4rlig musik resterande del av kv\u00e4llen.<\/p>\n<p>Inga f\u00f6rkunskaper kr\u00e4vs.<\/p>\n<p>Dessa unika kv\u00e4llar har vi 3 av varje termin s\u00e5 h\u00e5ll koll p\u00e5 kursschema sidan och s\u00e4kra din plats.<\/p>\n<p>&nbsp;<\/p>\n<p><strong>Vad \u00e4r Fritr\u00e4ning 10 dans och Bugg?<\/strong><\/p>\n<p>Ett danspass utan undervisning d\u00e4r elever tr\u00e4nar fritt till musik som ing\u00e5r i v\u00e5ra 10 t\u00e4vlingsdanser.<\/p>\n<p>&nbsp;<\/p>\n<p>Varmt v\u00e4lkomna!<\/p>\n<p>Ann med teamet<\/p>\n","protected":false},"excerpt":{"rendered":"<p>Blandad information om Dance and Fitness Academy: Kursstart: Vinter 2025 Kursstart 42 &amp; 43 f\u00f6r v\u00e5ra vinterkurser, kursschemat hittar du h\u00e4r fr\u00e5n den 25 september. Info anm\u00e4lan, f\u00f6r samtliga kurser: Anm\u00e4l genom att g\u00e5 in p\u00e5 fliken &#8221;kursschema&#8221;, klicka sedan p\u00e5 vald kurs och f\u00f6lj l\u00e4nken. \u00a0Ni kommer d\u00e5 f\u00e5 en bekr\u00e4ftelse via mail med [&hellip;]<\/p>\n","protected":false},"author":1,"featured_media":0,"parent":0,"menu_order":0,"comment_status":"closed","ping_status":"closed","template":"","meta":{"footnotes":""},"class_list":["post-328","page","type-page","status-publish","hentry"],"yoast_head":"<!-- This site is optimized with the Yoast SEO plugin v26.9 - https:\/\/yoast.com\/product\/yoast-seo-wordpress\/ -->\n<title>Information - Ann Wilson Fitness Academy<\/title>\n<meta name=\"robots\" content=\"index, follow, max-snippet:-1, max-image-preview:large, max-video-preview:-1\" \/>\n<link rel=\"canonical\" href=\"https:\/\/annwilson.se\/fitnessacademy\/information\/\" \/>\n<meta property=\"og:locale\" content=\"sv_SE\" \/>\n<meta property=\"og:type\" content=\"article\" \/>\n<meta property=\"og:title\" content=\"Information - Ann Wilson Fitness Academy\" \/>\n<meta property=\"og:description\" content=\"Blandad information om Dance and Fitness Academy: Kursstart: Vinter 2025 Kursstart 42 &amp; 43 f\u00f6r v\u00e5ra vinterkurser, kursschemat hittar du h\u00e4r fr\u00e5n den 25 september. Info anm\u00e4lan, f\u00f6r samtliga kurser: Anm\u00e4l genom att g\u00e5 in p\u00e5 fliken &#8221;kursschema&#8221;, klicka sedan p\u00e5 vald kurs och f\u00f6lj l\u00e4nken. \u00a0Ni kommer d\u00e5 f\u00e5 en bekr\u00e4ftelse via mail med [&hellip;]\" \/>\n<meta property=\"og:url\" content=\"https:\/\/annwilson.se\/fitnessacademy\/information\/\" \/>\n<meta property=\"og:site_name\" content=\"Ann Wilson Fitness Academy\" \/>\n<meta property=\"article:modified_time\" content=\"2025-12-17T11:36:12+00:00\" \/>\n<meta name=\"twitter:card\" content=\"summary_large_image\" \/>\n<meta name=\"twitter:label1\" content=\"Ber\u00e4knad l\u00e4stid\" \/>\n\t<meta name=\"twitter:data1\" content=\"9 minuter\" \/>\n<script type=\"application\/ld+json\" class=\"yoast-schema-graph\">{\"@context\":\"https:\/\/schema.org\",\"@graph\":[{\"@type\":\"WebPage\",\"@id\":\"https:\/\/annwilson.se\/fitnessacademy\/information\/\",\"url\":\"https:\/\/annwilson.se\/fitnessacademy\/information\/\",\"name\":\"Information - Ann Wilson Fitness Academy\",\"isPartOf\":{\"@id\":\"https:\/\/annwilson.se\/fitnessacademy\/#website\"},\"datePublished\":\"2018-08-09T13:56:00+00:00\",\"dateModified\":\"2025-12-17T11:36:12+00:00\",\"breadcrumb\":{\"@id\":\"https:\/\/annwilson.se\/fitnessacademy\/information\/#breadcrumb\"},\"inLanguage\":\"sv-SE\",\"potentialAction\":[{\"@type\":\"ReadAction\",\"target\":[\"https:\/\/annwilson.se\/fitnessacademy\/information\/\"]}]},{\"@type\":\"BreadcrumbList\",\"@id\":\"https:\/\/annwilson.se\/fitnessacademy\/information\/#breadcrumb\",\"itemListElement\":[{\"@type\":\"ListItem\",\"position\":1,\"name\":\"Hem\",\"item\":\"https:\/\/annwilson.se\/fitnessacademy\/\"},{\"@type\":\"ListItem\",\"position\":2,\"name\":\"Information\"}]},{\"@type\":\"WebSite\",\"@id\":\"https:\/\/annwilson.se\/fitnessacademy\/#website\",\"url\":\"https:\/\/annwilson.se\/fitnessacademy\/\",\"name\":\"Ann Wilson Fitness Academy\",\"description\":\"\",\"potentialAction\":[{\"@type\":\"SearchAction\",\"target\":{\"@type\":\"EntryPoint\",\"urlTemplate\":\"https:\/\/annwilson.se\/fitnessacademy\/?s={search_term_string}\"},\"query-input\":{\"@type\":\"PropertyValueSpecification\",\"valueRequired\":true,\"valueName\":\"search_term_string\"}}],\"inLanguage\":\"sv-SE\"}]}<\/script>\n<!-- \/ Yoast SEO plugin. -->","yoast_head_json":{"title":"Information - Ann Wilson Fitness Academy","robots":{"index":"index","follow":"follow","max-snippet":"max-snippet:-1","max-image-preview":"max-image-preview:large","max-video-preview":"max-video-preview:-1"},"canonical":"https:\/\/annwilson.se\/fitnessacademy\/information\/","og_locale":"sv_SE","og_type":"article","og_title":"Information - Ann Wilson Fitness Academy","og_description":"Blandad information om Dance and Fitness Academy: Kursstart: Vinter 2025 Kursstart 42 &amp; 43 f\u00f6r v\u00e5ra vinterkurser, kursschemat hittar du h\u00e4r fr\u00e5n den 25 september. Info anm\u00e4lan, f\u00f6r samtliga kurser: Anm\u00e4l genom att g\u00e5 in p\u00e5 fliken &#8221;kursschema&#8221;, klicka sedan p\u00e5 vald kurs och f\u00f6lj l\u00e4nken. \u00a0Ni kommer d\u00e5 f\u00e5 en bekr\u00e4ftelse via mail med [&hellip;]","og_url":"https:\/\/annwilson.se\/fitnessacademy\/information\/","og_site_name":"Ann Wilson Fitness Academy","article_modified_time":"2025-12-17T11:36:12+00:00","twitter_card":"summary_large_image","twitter_misc":{"Ber\u00e4knad l\u00e4stid":"9 minuter"},"schema":{"@context":"https:\/\/schema.org","@graph":[{"@type":"WebPage","@id":"https:\/\/annwilson.se\/fitnessacademy\/information\/","url":"https:\/\/annwilson.se\/fitnessacademy\/information\/","name":"Information - Ann Wilson Fitness Academy","isPartOf":{"@id":"https:\/\/annwilson.se\/fitnessacademy\/#website"},"datePublished":"2018-08-09T13:56:00+00:00","dateModified":"2025-12-17T11:36:12+00:00","breadcrumb":{"@id":"https:\/\/annwilson.se\/fitnessacademy\/information\/#breadcrumb"},"inLanguage":"sv-SE","potentialAction":[{"@type":"ReadAction","target":["https:\/\/annwilson.se\/fitnessacademy\/information\/"]}]},{"@type":"BreadcrumbList","@id":"https:\/\/annwilson.se\/fitnessacademy\/information\/#breadcrumb","itemListElement":[{"@type":"ListItem","position":1,"name":"Hem","item":"https:\/\/annwilson.se\/fitnessacademy\/"},{"@type":"ListItem","position":2,"name":"Information"}]},{"@type":"WebSite","@id":"https:\/\/annwilson.se\/fitnessacademy\/#website","url":"https:\/\/annwilson.se\/fitnessacademy\/","name":"Ann Wilson Fitness Academy","description":"","potentialAction":[{"@type":"SearchAction","target":{"@type":"EntryPoint","urlTemplate":"https:\/\/annwilson.se\/fitnessacademy\/?s={search_term_string}"},"query-input":{"@type":"PropertyValueSpecification","valueRequired":true,"valueName":"search_term_string"}}],"inLanguage":"sv-SE"}]}},"_links":{"self":[{"href":"https:\/\/annwilson.se\/fitnessacademy\/wp-json\/wp\/v2\/pages\/328","targetHints":{"allow":["GET"]}}],"collection":[{"href":"https:\/\/annwilson.se\/fitnessacademy\/wp-json\/wp\/v2\/pages"}],"about":[{"href":"https:\/\/annwilson.se\/fitnessacademy\/wp-json\/wp\/v2\/types\/page"}],"author":[{"embeddable":true,"href":"https:\/\/annwilson.se\/fitnessacademy\/wp-json\/wp\/v2\/users\/1"}],"replies":[{"embeddable":true,"href":"https:\/\/annwilson.se\/fitnessacademy\/wp-json\/wp\/v2\/comments?post=328"}],"version-history":[{"count":52,"href":"https:\/\/annwilson.se\/fitnessacademy\/wp-json\/wp\/v2\/pages\/328\/revisions"}],"predecessor-version":[{"id":1851,"href":"https:\/\/annwilson.se\/fitnessacademy\/wp-json\/wp\/v2\/pages\/328\/revisions\/1851"}],"wp:attachment":[{"href":"https:\/\/annwilson.se\/fitnessacademy\/wp-json\/wp\/v2\/media?parent=328"}],"curies":[{"name":"wp","href":"https:\/\/api.w.org\/{rel}","templated":true}]}}